{"id":2,"date":"2013-01-02T14:07:16","date_gmt":"2013-01-02T14:07:16","guid":{"rendered":"http:\/\/goodlife.lt\/blog\/?page_id=2"},"modified":"2013-03-25T18:41:20","modified_gmt":"2013-03-25T18:41:20","slug":"contact","status":"publish","type":"page","link":"https:\/\/goodlife.lt\/blog\/contact\/","title":{"rendered":"CONTACT"},"content":{"rendered":"<p>Projektas goodlife photography<br \/>\nProfesional\u016bs fotografai Lietuvoje ir u\u017e jos rib\u0173<\/p>\n<p><a href=\"http:\/\/goodlife.lt\/\">goodlife.lt<\/a><br \/>\n+370 603 30559 [gedas]<br \/>\n+370 638 96941 [lena]<br \/>\nmail: info@goodlife.lt<\/p>\n<p>&nbsp;<\/p>\n<div id=\"fb-root\"><\/div>\n<p><script type=\"text\/javascript\">\/\/ <![CDATA[\n(function(d, s, id) {\n  var js, fjs = d.getElementsByTagName(s)[0];\n  if (d.getElementById(id)) return;\n  js = d.createElement(s); js.id = id;\n  js.src = \"\/\/connect.facebook.net\/en_US\/all.js#xfbml=1\";\n  fjs.parentNode.insertBefore(js, fjs);\n}(document, 'script', 'facebook-jssdk'));\n\/\/ ]]><\/script><\/p>\n","protected":false},"excerpt":{"rendered":"<p>Projektas goodlife photography Profesional\u016bs fotografai Lietuvoje ir u\u017e jos rib\u0173 goodlife.lt +370 603 30559 [gedas] +370 638 96941 [lena] mail: info@goodlife.lt &nbsp;<\/p>\n","protected":false},"author":1,"featured_media":0,"parent":0,"menu_order":0,"comment_status":"open","ping_status":"open","template":"","meta":[],"_links":{"self":[{"href":"https:\/\/goodlife.lt\/blog\/wp-json\/wp\/v2\/pages\/2"}],"collection":[{"href":"https:\/\/goodlife.lt\/blog\/wp-json\/wp\/v2\/pages"}],"about":[{"href":"https:\/\/goodlife.lt\/blog\/wp-json\/wp\/v2\/types\/page"}],"author":[{"embeddable":true,"href":"https:\/\/goodlife.lt\/blog\/wp-json\/wp\/v2\/users\/1"}],"replies":[{"embeddable":true,"href":"https:\/\/goodlife.lt\/blog\/wp-json\/wp\/v2\/comments?post=2"}],"version-history":[{"count":14,"href":"https:\/\/goodlife.lt\/blog\/wp-json\/wp\/v2\/pages\/2\/revisions"}],"predecessor-version":[{"id":136,"href":"https:\/\/goodlife.lt\/blog\/wp-json\/wp\/v2\/pages\/2\/revisions\/136"}],"wp:attachment":[{"href":"https:\/\/goodlife.lt\/blog\/wp-json\/wp\/v2\/media?parent=2"}],"curies":[{"name":"wp","href":"https:\/\/api.w.org\/{rel}","templated":true}]}}